{"id":47,"date":"2021-03-24T13:25:34","date_gmt":"2021-03-24T12:25:34","guid":{"rendered":"https:\/\/www.sproessling.eu\/wordpress\/?page_id=47"},"modified":"2025-08-30T22:43:42","modified_gmt":"2025-08-30T20:43:42","slug":"start","status":"publish","type":"page","link":"https:\/\/www.sproessling.eu\/wordpress\/de_at\/","title":{"rendered":"Werte Kunden&#8230;"},"content":{"rendered":"\n<h2 class=\"wp-block-heading\"><strong>wir haben unser Gesch\u00e4ft geschlossen! <\/strong><\/h2>\n\n\n\n<p>aufgrund der erschwerten wirtschaftlichen Gesetzeslage, m\u00fcssen wir unser Gesch\u00e4ftslokal dauerhaft schlie\u00dfen!<br><br><strong>Dieser Schritt ist uns nicht leicht gefallen. <\/strong><br><strong>Wir danken unseren Stammkunden f\u00fcr die jahrelange Treue.<\/strong><\/p>\n\n\n\n<p>Bei Fragen k\u00f6nnen Sie uns gerne telefonisch kontaktieren: <br>+43 677 624 650 70<\/p>\n\n\n\n<p><br><\/p>\n\n\n\n<p><\/p>\n","protected":false},"excerpt":{"rendered":"<p>wir haben unser Gesch\u00e4ft geschlossen! aufgrund der erschwerten wirtschaftlichen Gesetzeslage, m\u00fcssen wir unser Gesch\u00e4ftslokal dauerhaft schlie\u00dfen! Dieser Schritt ist uns nicht leicht gefallen. Wir danken unseren Stammkunden f\u00fcr die jahrelange Treue. Bei Fragen k\u00f6nnen Sie uns gerne telefonisch kontaktieren: +43 677 624 650 70<\/p>\n","protected":false},"author":1,"featured_media":0,"parent":0,"menu_order":0,"comment_status":"closed","ping_status":"closed","template":"","meta":{"footnotes":""},"class_list":["post-47","page","type-page","status-publish","hentry"],"_links":{"self":[{"href":"https:\/\/www.sproessling.eu\/wordpress\/de_at\/wp-json\/wp\/v2\/pages\/47","targetHints":{"allow":["GET"]}}],"collection":[{"href":"https:\/\/www.sproessling.eu\/wordpress\/de_at\/wp-json\/wp\/v2\/pages"}],"about":[{"href":"https:\/\/www.sproessling.eu\/wordpress\/de_at\/wp-json\/wp\/v2\/types\/page"}],"author":[{"embeddable":true,"href":"https:\/\/www.sproessling.eu\/wordpress\/de_at\/wp-json\/wp\/v2\/users\/1"}],"replies":[{"embeddable":true,"href":"https:\/\/www.sproessling.eu\/wordpress\/de_at\/wp-json\/wp\/v2\/comments?post=47"}],"version-history":[{"count":19,"href":"https:\/\/www.sproessling.eu\/wordpress\/de_at\/wp-json\/wp\/v2\/pages\/47\/revisions"}],"predecessor-version":[{"id":680,"href":"https:\/\/www.sproessling.eu\/wordpress\/de_at\/wp-json\/wp\/v2\/pages\/47\/revisions\/680"}],"wp:attachment":[{"href":"https:\/\/www.sproessling.eu\/wordpress\/de_at\/wp-json\/wp\/v2\/media?parent=47"}],"curies":[{"name":"wp","href":"https:\/\/api.w.org\/{rel}","templated":true}]}}